{"id":320,"date":"2026-03-19T12:33:34","date_gmt":"2026-03-19T12:33:34","guid":{"rendered":"https:\/\/med.arturkus.pl\/?page_id=320"},"modified":"2026-03-19T13:51:47","modified_gmt":"2026-03-19T13:51:47","slug":"o-mnie","status":"publish","type":"page","link":"https:\/\/med.arturkus.pl\/?page_id=320","title":{"rendered":"O mnie"},"content":{"rendered":"\t\t<div data-elementor-type=\"wp-page\" data-elementor-id=\"320\" class=\"elementor elementor-320\" data-elementor-post-type=\"page\">\n\t\t\t\t<div class=\"elementor-element elementor-element-30c1172 e-con-full e-flex e-con e-parent\" data-id=\"30c1172\" data-element_type=\"container\" data-e-type=\"container\">\n\t\t<div class=\"elementor-element elementor-element-6567bbc e-con-full e-flex e-con e-child\" data-id=\"6567bbc\" data-element_type=\"container\" data-e-type=\"container\" data-settings=\"{&quot;background_background&quot;:&quot;classic&quot;,&quot;background_motion_fx_motion_fx_scrolling&quot;:&quot;yes&quot;,&quot;background_motion_fx_scale_effect&quot;:&quot;yes&quot;,&quot;background_motion_fx_scale_range&quot;:{&quot;unit&quot;:&quot;%&quot;,&quot;size&quot;:&quot;&quot;,&quot;sizes&quot;:{&quot;start&quot;:50,&quot;end&quot;:100}},&quot;background_motion_fx_scale_direction&quot;:&quot;out-in&quot;,&quot;background_motion_fx_scale_speed&quot;:{&quot;unit&quot;:&quot;px&quot;,&quot;size&quot;:4,&quot;sizes&quot;:[]},&quot;background_motion_fx_devices&quot;:[&quot;desktop&quot;,&quot;tablet&quot;,&quot;mobile&quot;]}\">\n\t\t\t\t<\/div>\n\t\t<div class=\"elementor-element elementor-element-5181f95 e-con-full e-flex e-con e-child\" data-id=\"5181f95\" data-element_type=\"container\" data-e-type=\"container\">\n\t\t\t\t<div class=\"elementor-element elementor-element-c2d545f elementor-widget elementor-widget-heading\" data-id=\"c2d545f\" data-element_type=\"widget\" data-e-type=\"widget\" data-widget_type=\"heading.default\">\n\t\t\t\t\t<h1 class=\"elementor-heading-title elementor-size-default\">O mnie<\/h1>\t\t\t\t<\/div>\n\t\t\t\t<div class=\"elementor-element elementor-element-753a6a2 elementor-widget elementor-widget-heading\" data-id=\"753a6a2\" data-element_type=\"widget\" data-e-type=\"widget\" data-widget_type=\"heading.default\">\n\t\t\t\t\t<h1 class=\"elementor-heading-title elementor-size-default\">Jestem specjalist\u0105 ortopedii i traumatologii narz\u0105du ruchu oraz doktorem nauk medycznych.<\/h1>\t\t\t\t<\/div>\n\t\t\t\t<div class=\"elementor-element elementor-element-b64b240 elementor-widget-divider--view-line elementor-widget elementor-widget-divider\" data-id=\"b64b240\" data-element_type=\"widget\" data-e-type=\"widget\" data-widget_type=\"divider.default\">\n\t\t\t\t\t\t\t<div class=\"elementor-divider\">\n\t\t\t<span class=\"elementor-divider-separator\">\n\t\t\t\t\t\t<\/span>\n\t\t<\/div>\n\t\t\t\t\t\t<\/div>\n\t\t\t\t<div class=\"elementor-element elementor-element-61f6d95 elementor-widget elementor-widget-text-editor\" data-id=\"61f6d95\" data-element_type=\"widget\" data-e-type=\"widget\" data-widget_type=\"text-editor.default\">\n\t\t\t\t\t\t\t\t\t<p data-start=\"95\" data-end=\"352\">Zajmuj\u0119 si\u0119 diagnozowaniem i leczeniem uraz\u00f3w, przeci\u0105\u017ce\u0144 oraz zmian zwyrodnieniowych uk\u0142adu ruchu \u2013 od kontuzji sportowych po bardziej zaawansowane schorzenia staw\u00f3w.<\/p>\t\t\t\t\t\t\t\t<\/div>\n\t\t\t\t<\/div>\n\t\t\t\t<\/div>\n\t\t<div class=\"elementor-element elementor-element-bfe593b e-con-full e-flex e-con e-parent\" data-id=\"bfe593b\" data-element_type=\"container\" data-e-type=\"container\" data-settings=\"{&quot;background_background&quot;:&quot;gradient&quot;}\">\n\t\t<div class=\"elementor-element elementor-element-0aed3e7 e-con-full e-flex e-con e-child\" data-id=\"0aed3e7\" data-element_type=\"container\" data-e-type=\"container\">\n\t\t\t\t<div class=\"elementor-element elementor-element-e833dc4 elementor-widget elementor-widget-heading\" data-id=\"e833dc4\" data-element_type=\"widget\" data-e-type=\"widget\" data-widget_type=\"heading.default\">\n\t\t\t\t\t<h1 class=\"elementor-heading-title elementor-size-default\">Do\u015bwiadczenie<\/h1>\t\t\t\t<\/div>\n\t\t\t\t<div class=\"elementor-element elementor-element-9b23278 elementor-widget elementor-widget-heading\" data-id=\"9b23278\" data-element_type=\"widget\" data-e-type=\"widget\" data-widget_type=\"heading.default\">\n\t\t\t\t\t<h1 class=\"elementor-heading-title elementor-size-default\">Na co dzie\u0144 pracuj\u0119 w Oddziale Chirurgii Urazowo-Ortopedycznej, gdzie prowadz\u0119 leczenie zachowawcze i operacyjne.<\/h1>\t\t\t\t<\/div>\n\t\t\t\t<div class=\"elementor-element elementor-element-876fb46 elementor-widget-divider--view-line elementor-widget elementor-widget-divider\" data-id=\"876fb46\" data-element_type=\"widget\" data-e-type=\"widget\" data-widget_type=\"divider.default\">\n\t\t\t\t\t\t\t<div class=\"elementor-divider\">\n\t\t\t<span class=\"elementor-divider-separator\">\n\t\t\t\t\t\t<\/span>\n\t\t<\/div>\n\t\t\t\t\t\t<\/div>\n\t\t\t\t<div class=\"elementor-element elementor-element-8fb974d elementor-widget elementor-widget-text-editor\" data-id=\"8fb974d\" data-element_type=\"widget\" data-e-type=\"widget\" data-widget_type=\"text-editor.default\">\n\t\t\t\t\t\t\t\t\t<p data-start=\"379\" data-end=\"617\">Specjalizuj\u0119 si\u0119 w chirurgii kolana, wykonuj\u0105c m.in. artroskopie, rekonstrukcje wi\u0119zade\u0142 oraz zabiegi naprawcze chrz\u0105stki.<\/p><p data-start=\"619\" data-end=\"835\">Do\u015bwiadczenie zdobywa\u0142em w o\u015brodkach mi\u0119dzynarodowych oraz wsp\u00f3\u0142pracuj\u0119 ze sportowcami na poziomie profesjonalnym. Jestem autorem publikacji naukowych i regularnie uczestnicz\u0119 w szkoleniach krajowych i zagranicznych.<\/p>\t\t\t\t\t\t\t\t<\/div>\n\t\t\t\t<\/div>\n\t\t<div class=\"elementor-element elementor-element-c5374a0 e-con-full e-flex e-con e-child\" data-id=\"c5374a0\" data-element_type=\"container\" data-e-type=\"container\" data-settings=\"{&quot;background_background&quot;:&quot;classic&quot;,&quot;background_motion_fx_motion_fx_scrolling&quot;:&quot;yes&quot;,&quot;background_motion_fx_scale_effect&quot;:&quot;yes&quot;,&quot;background_motion_fx_scale_range&quot;:{&quot;unit&quot;:&quot;%&quot;,&quot;size&quot;:&quot;&quot;,&quot;sizes&quot;:{&quot;start&quot;:50,&quot;end&quot;:100}},&quot;background_motion_fx_scale_direction&quot;:&quot;out-in&quot;,&quot;background_motion_fx_scale_speed&quot;:{&quot;unit&quot;:&quot;px&quot;,&quot;size&quot;:4,&quot;sizes&quot;:[]},&quot;background_motion_fx_devices&quot;:[&quot;desktop&quot;,&quot;tablet&quot;,&quot;mobile&quot;]}\">\n\t\t\t\t<div class=\"elementor-element elementor-element-6b95e41 elementor-widget elementor-widget-heading\" data-id=\"6b95e41\" data-element_type=\"widget\" data-e-type=\"widget\" data-widget_type=\"heading.default\">\n\t\t\t\t\t<h1 class=\"elementor-heading-title elementor-size-default\">Podej\u015bcie do pacjenta<\/h1>\t\t\t\t<\/div>\n\t\t\t\t<div class=\"elementor-element elementor-element-e3d6adf elementor-widget elementor-widget-heading\" data-id=\"e3d6adf\" data-element_type=\"widget\" data-e-type=\"widget\" data-widget_type=\"heading.default\">\n\t\t\t\t\t<h1 class=\"elementor-heading-title elementor-size-default\">W swojej pracy stawiam na nowoczesne, mo\u017cliwie ma\u0142oinwazyjne leczenie, kt\u00f3re pozwala szybko wr\u00f3ci\u0107 do sprawno\u015bci.<\/h1>\t\t\t\t<\/div>\n\t\t\t\t<div class=\"elementor-element elementor-element-286f76a elementor-widget elementor-widget-text-editor\" data-id=\"286f76a\" data-element_type=\"widget\" data-e-type=\"widget\" data-widget_type=\"text-editor.default\">\n\t\t\t\t\t\t\t\t\t<p data-start=\"870\" data-end=\"1076\">Wykorzystuj\u0119 diagnostyk\u0119 USG ju\u017c podczas pierwszej wizyty, aby trafnie zaplanowa\u0107 terapi\u0119.<\/p><p data-start=\"95\" data-end=\"352\">\n<\/p><p data-start=\"1078\" data-end=\"1198\">Prowadz\u0119 pacjenta kompleksowo \u2013 od diagnozy, przez leczenie, a\u017c po kontrol\u0119 efekt\u00f3w i bezpieczny powr\u00f3t do aktywno\u015bci.<\/p>\t\t\t\t\t\t\t\t<\/div>\n\t\t\t\t<\/div>\n\t\t\t\t<\/div>\n\t\t<div class=\"elementor-element elementor-element-0509874 e-con-full e-flex e-con e-parent\" data-id=\"0509874\" data-element_type=\"container\" data-e-type=\"container\" data-settings=\"{&quot;background_background&quot;:&quot;classic&quot;}\">\n\t\t\t\t<div class=\"elementor-element elementor-element-2c7b026 elementor-widget elementor-widget-heading\" data-id=\"2c7b026\" data-element_type=\"widget\" data-e-type=\"widget\" data-widget_type=\"heading.default\">\n\t\t\t\t\t<h3 class=\"elementor-heading-title elementor-size-default\"><b>Um\u00f3w si\u0119<\/b> i wr\u00f3\u0107 do pe\u0142nej sprawno\u015bci<\/h3>\t\t\t\t<\/div>\n\t\t\t\t<div class=\"elementor-element elementor-element-e48a2a1 elementor-tablet-align-center elementor-invisible elementor-widget elementor-widget-button\" data-id=\"e48a2a1\" data-element_type=\"widget\" data-e-type=\"widget\" data-settings=\"{&quot;_animation&quot;:&quot;fadeInLeft&quot;}\" data-widget_type=\"button.default\">\n\t\t\t\t\t\t\t\t\t\t<a class=\"elementor-button elementor-button-link elementor-size-sm elementor-animation-float\" href=\"https:\/\/www.znanylekarz.pl\/karol-palka\/ortopeda\/gliwice\" target=\"_blank\">\n\t\t\t\t\t\t<span class=\"elementor-button-content-wrapper\">\n\t\t\t\t\t\t\t\t\t<span class=\"elementor-button-text\">Um\u00f3w wizyt\u0119<\/span>\n\t\t\t\t\t<\/span>\n\t\t\t\t\t<\/a>\n\t\t\t\t\t\t\t\t<\/div>\n\t\t\t\t<\/div>\n\t\t\t\t<\/div>\n\t\t","protected":false},"excerpt":{"rendered":"<p>O mnie Jestem specjalist\u0105 ortopedii i traumatologii narz\u0105du ruchu oraz doktorem nauk medycznych. Zajmuj\u0119 si\u0119 diagnozowaniem i leczeniem uraz\u00f3w, przeci\u0105\u017ce\u0144 oraz zmian zwyrodnieniowych uk\u0142adu ruchu \u2013 od kontuzji sportowych po bardziej zaawansowane schorzenia staw\u00f3w. Do\u015bwiadczenie Na co dzie\u0144 pracuj\u0119 w Oddziale Chirurgii Urazowo-Ortopedycznej, gdzie prowadz\u0119 leczenie zachowawcze i operacyjne. Specjalizuj\u0119 si\u0119 w chirurgii kolana, wykonuj\u0105c [&hellip;]<\/p>\n","protected":false},"author":1,"featured_media":0,"parent":0,"menu_order":0,"comment_status":"closed","ping_status":"closed","template":"","meta":{"footnotes":""},"class_list":["post-320","page","type-page","status-publish","hentry"],"_links":{"self":[{"href":"https:\/\/med.arturkus.pl\/index.php?rest_route=\/wp\/v2\/pages\/320","targetHints":{"allow":["GET"]}}],"collection":[{"href":"https:\/\/med.arturkus.pl\/index.php?rest_route=\/wp\/v2\/pages"}],"about":[{"href":"https:\/\/med.arturkus.pl\/index.php?rest_route=\/wp\/v2\/types\/page"}],"author":[{"embeddable":true,"href":"https:\/\/med.arturkus.pl\/index.php?rest_route=\/wp\/v2\/users\/1"}],"replies":[{"embeddable":true,"href":"https:\/\/med.arturkus.pl\/index.php?rest_route=%2Fwp%2Fv2%2Fcomments&post=320"}],"version-history":[{"count":13,"href":"https:\/\/med.arturkus.pl\/index.php?rest_route=\/wp\/v2\/pages\/320\/revisions"}],"predecessor-version":[{"id":403,"href":"https:\/\/med.arturkus.pl\/index.php?rest_route=\/wp\/v2\/pages\/320\/revisions\/403"}],"wp:attachment":[{"href":"https:\/\/med.arturkus.pl\/index.php?rest_route=%2Fwp%2Fv2%2Fmedia&parent=320"}],"curies":[{"name":"wp","href":"https:\/\/api.w.org\/{rel}","templated":true}]}}