{"id":331,"date":"2026-03-19T13:03:56","date_gmt":"2026-03-19T13:03:56","guid":{"rendered":"https:\/\/med.arturkus.pl\/?page_id=331"},"modified":"2026-03-19T13:51:32","modified_gmt":"2026-03-19T13:51:32","slug":"zakres-leczenia","status":"publish","type":"page","link":"https:\/\/med.arturkus.pl\/?page_id=331","title":{"rendered":"Zakres leczenia"},"content":{"rendered":"\t\t<div data-elementor-type=\"wp-page\" data-elementor-id=\"331\" class=\"elementor elementor-331\" data-elementor-post-type=\"page\">\n\t\t\t\t<div class=\"elementor-element elementor-element-30ea707 e-con-full e-flex e-con e-parent\" data-id=\"30ea707\" data-element_type=\"container\" data-e-type=\"container\" data-settings=\"{&quot;background_background&quot;:&quot;gradient&quot;}\">\n\t\t\t\t<div class=\"elementor-element elementor-element-76b03db elementor-widget-tablet__width-initial elementor-widget-mobile__width-inherit elementor-widget elementor-widget-heading\" data-id=\"76b03db\" data-element_type=\"widget\" data-e-type=\"widget\" data-widget_type=\"heading.default\">\n\t\t\t\t\t<h2 class=\"elementor-heading-title elementor-size-default\"><b>Zakres leczenia<\/b><\/h2>\t\t\t\t<\/div>\n\t\t<div class=\"elementor-element elementor-element-a955a91 e-con-full e-flex e-con e-child\" data-id=\"a955a91\" data-element_type=\"container\" data-e-type=\"container\">\n\t\t<div class=\"elementor-element elementor-element-b110c10 animated-fast e-con-full e-flex elementor-invisible e-con e-child\" data-id=\"b110c10\" data-element_type=\"container\" data-e-type=\"container\" data-settings=\"{&quot;background_background&quot;:&quot;classic&quot;,&quot;animation&quot;:&quot;fadeInUp&quot;}\">\n\t\t\t\t<div class=\"elementor-element elementor-element-5e062dd elementor-widget elementor-widget-heading\" data-id=\"5e062dd\" data-element_type=\"widget\" data-e-type=\"widget\" data-widget_type=\"heading.default\">\n\t\t\t\t\t<h1 class=\"elementor-heading-title elementor-size-default\">Leczenie kolana<\/h1>\t\t\t\t<\/div>\n\t\t\t\t<div class=\"elementor-element elementor-element-e30c760 elementor-widget elementor-widget-text-editor\" data-id=\"e30c760\" data-element_type=\"widget\" data-e-type=\"widget\" data-widget_type=\"text-editor.default\">\n\t\t\t\t\t\t\t\t\t<p data-start=\"274\" data-end=\"518\">Specjalizuj\u0119 si\u0119 w diagnostyce i leczeniu schorze\u0144 stawu kolanowego \u2013 od przeci\u0105\u017ce\u0144 i uraz\u00f3w sportowych po zaawansowane zmiany zwyrodnieniowe. Wykonuj\u0119 m.in. artroskopie kolana, rekonstrukcje wi\u0119zade\u0142 oraz zabiegi naprawcze \u0142\u0105kotek i chrz\u0105stki.<\/p>\t\t\t\t\t\t\t\t<\/div>\n\t\t\t\t<\/div>\n\t\t<div class=\"elementor-element elementor-element-b7e96c4 animated-fast e-con-full e-flex elementor-invisible e-con e-child\" data-id=\"b7e96c4\" data-element_type=\"container\" data-e-type=\"container\" data-settings=\"{&quot;background_background&quot;:&quot;classic&quot;,&quot;animation&quot;:&quot;fadeInUp&quot;}\">\n\t\t\t\t<\/div>\n\t\t\t\t<\/div>\n\t\t\t\t<\/div>\n\t\t<div class=\"elementor-element elementor-element-0b05241 e-con-full e-flex e-con e-parent\" data-id=\"0b05241\" data-element_type=\"container\" data-e-type=\"container\">\n\t\t<div class=\"elementor-element elementor-element-9a84856 e-con-full e-flex e-con e-child\" data-id=\"9a84856\" data-element_type=\"container\" data-e-type=\"container\">\n\t\t<div class=\"elementor-element elementor-element-02c6b13 animated-fast e-con-full e-flex elementor-invisible e-con e-child\" data-id=\"02c6b13\" data-element_type=\"container\" data-e-type=\"container\" data-settings=\"{&quot;background_background&quot;:&quot;classic&quot;,&quot;animation&quot;:&quot;fadeInUp&quot;}\">\n\t\t\t\t<div class=\"elementor-element elementor-element-feab246 elementor-widget elementor-widget-heading\" data-id=\"feab246\" data-element_type=\"widget\" data-e-type=\"widget\" data-widget_type=\"heading.default\">\n\t\t\t\t\t<h1 class=\"elementor-heading-title elementor-size-default\">Leczenie ko\u0144czyny dolnej<\/h1>\t\t\t\t<\/div>\n\t\t\t\t<div class=\"elementor-element elementor-element-1a5e8e2 elementor-widget elementor-widget-text-editor\" data-id=\"1a5e8e2\" data-element_type=\"widget\" data-e-type=\"widget\" data-widget_type=\"text-editor.default\">\n\t\t\t\t\t\t\t\t\t<p data-start=\"274\" data-end=\"518\">Zajmuj\u0119 si\u0119 kompleksowym leczeniem ko\u0144czyny dolnej \u2013 biodra, kolana oraz stawu skokowego. Pomagam w przypadku b\u00f3lu, przeci\u0105\u017ce\u0144 oraz ogranicze\u0144 ruchomo\u015bci, dobieraj\u0105c terapi\u0119 indywidualnie do potrzeb pacjenta.<\/p>\t\t\t\t\t\t\t\t<\/div>\n\t\t\t\t<\/div>\n\t\t<div class=\"elementor-element elementor-element-a6e2313 animated-fast e-con-full e-flex elementor-invisible e-con e-child\" data-id=\"a6e2313\" data-element_type=\"container\" data-e-type=\"container\" data-settings=\"{&quot;background_background&quot;:&quot;classic&quot;,&quot;animation&quot;:&quot;fadeInUp&quot;}\">\n\t\t\t\t<div class=\"elementor-element elementor-element-9425c54 elementor-widget elementor-widget-heading\" data-id=\"9425c54\" data-element_type=\"widget\" data-e-type=\"widget\" data-widget_type=\"heading.default\">\n\t\t\t\t\t<h1 class=\"elementor-heading-title elementor-size-default\">Urazy narz\u0105du ruchu<\/h1>\t\t\t\t<\/div>\n\t\t\t\t<div class=\"elementor-element elementor-element-3293034 elementor-widget elementor-widget-text-editor\" data-id=\"3293034\" data-element_type=\"widget\" data-e-type=\"widget\" data-widget_type=\"text-editor.default\">\n\t\t\t\t\t\t\t\t\t<p data-start=\"274\" data-end=\"518\">Diagnozuj\u0119 i lecz\u0119 urazy narz\u0105du ruchu w obr\u0119bie ca\u0142ego cia\u0142a \u2013 skr\u0119cenia, naderwania, uszkodzenia wi\u0119zade\u0142 oraz inne kontuzje powsta\u0142e w wyniku aktywno\u015bci fizycznej lub codziennych przeci\u0105\u017ce\u0144.<\/p>\t\t\t\t\t\t\t\t<\/div>\n\t\t\t\t<\/div>\n\t\t<div class=\"elementor-element elementor-element-6b6b90e animated-fast e-con-full e-flex elementor-invisible e-con e-child\" data-id=\"6b6b90e\" data-element_type=\"container\" data-e-type=\"container\" data-settings=\"{&quot;background_background&quot;:&quot;classic&quot;,&quot;animation&quot;:&quot;fadeInUp&quot;}\">\n\t\t\t\t<div class=\"elementor-element elementor-element-0b9d812 elementor-widget elementor-widget-heading\" data-id=\"0b9d812\" data-element_type=\"widget\" data-e-type=\"widget\" data-widget_type=\"heading.default\">\n\t\t\t\t\t<h1 class=\"elementor-heading-title elementor-size-default\">Leczenie zmian zwyrodnieniowych<\/h1>\t\t\t\t<\/div>\n\t\t\t\t<div class=\"elementor-element elementor-element-001e20c elementor-widget elementor-widget-text-editor\" data-id=\"001e20c\" data-element_type=\"widget\" data-e-type=\"widget\" data-widget_type=\"text-editor.default\">\n\t\t\t\t\t\t\t\t\t<p data-start=\"274\" data-end=\"518\">Prowadz\u0119 leczenie zmian zwyrodnieniowych staw\u00f3w, pomagaj\u0105c zmniejszy\u0107 b\u00f3l i poprawi\u0107 funkcjonowanie. Stosuj\u0119 nowoczesne metody, kt\u00f3re wspieraj\u0105 regeneracj\u0119 i op\u00f3\u017aniaj\u0105 konieczno\u015b\u0107 leczenia operacyjnego.<\/p>\t\t\t\t\t\t\t\t<\/div>\n\t\t\t\t<\/div>\n\t\t\t\t<\/div>\n\t\t\t\t<\/div>\n\t\t<div class=\"elementor-element elementor-element-85c6707 e-con-full e-flex e-con e-parent\" data-id=\"85c6707\" data-element_type=\"container\" data-e-type=\"container\" data-settings=\"{&quot;background_background&quot;:&quot;gradient&quot;}\">\n\t\t<div class=\"elementor-element elementor-element-66425a5 e-con-full e-flex e-con e-child\" data-id=\"66425a5\" data-element_type=\"container\" data-e-type=\"container\">\n\t\t<div class=\"elementor-element elementor-element-ede0920 animated-fast e-con-full e-flex elementor-invisible e-con e-child\" data-id=\"ede0920\" data-element_type=\"container\" data-e-type=\"container\" data-settings=\"{&quot;background_background&quot;:&quot;classic&quot;,&quot;animation&quot;:&quot;fadeInUp&quot;}\">\n\t\t\t\t<div class=\"elementor-element elementor-element-be2cc17 elementor-widget elementor-widget-heading\" data-id=\"be2cc17\" data-element_type=\"widget\" data-e-type=\"widget\" data-widget_type=\"heading.default\">\n\t\t\t\t\t<h1 class=\"elementor-heading-title elementor-size-default\">Diagnostyka ortopedyczna<\/h1>\t\t\t\t<\/div>\n\t\t\t\t<div class=\"elementor-element elementor-element-f1004cc elementor-widget elementor-widget-text-editor\" data-id=\"f1004cc\" data-element_type=\"widget\" data-e-type=\"widget\" data-widget_type=\"text-editor.default\">\n\t\t\t\t\t\t\t\t\t<p data-start=\"274\" data-end=\"518\">Wykorzystuj\u0119 nowoczesn\u0105 diagnostyk\u0119, w tym USG narz\u0105du ruchu, kt\u00f3re pozwala na szybk\u0105 i precyzyjn\u0105 ocen\u0119 problemu ju\u017c podczas pierwszej wizyty.<\/p>\t\t\t\t\t\t\t\t<\/div>\n\t\t\t\t<\/div>\n\t\t<div class=\"elementor-element elementor-element-c3070b1 animated-fast e-con-full e-flex elementor-invisible e-con e-child\" data-id=\"c3070b1\" data-element_type=\"container\" data-e-type=\"container\" data-settings=\"{&quot;background_background&quot;:&quot;classic&quot;,&quot;animation&quot;:&quot;fadeInUp&quot;}\">\n\t\t\t\t<div class=\"elementor-element elementor-element-0ddada7 elementor-widget elementor-widget-heading\" data-id=\"0ddada7\" data-element_type=\"widget\" data-e-type=\"widget\" data-widget_type=\"heading.default\">\n\t\t\t\t\t<h1 class=\"elementor-heading-title elementor-size-default\">Leczenie operacyjne i zachowawcze<\/h1>\t\t\t\t<\/div>\n\t\t\t\t<div class=\"elementor-element elementor-element-05d0468 elementor-widget elementor-widget-text-editor\" data-id=\"05d0468\" data-element_type=\"widget\" data-e-type=\"widget\" data-widget_type=\"text-editor.default\">\n\t\t\t\t\t\t\t\t\t<p data-start=\"274\" data-end=\"518\">Prowadz\u0119 zar\u00f3wno leczenie zachowawcze, jak i operacyjne \u2013 w zale\u017cno\u015bci od rodzaju schorzenia i potrzeb pacjenta, zapewniaj\u0105c kompleksow\u0105 opiek\u0119 na ka\u017cdym etapie leczenia.<\/p>\t\t\t\t\t\t\t\t<\/div>\n\t\t\t\t<\/div>\n\t\t<div class=\"elementor-element elementor-element-1341923 animated-fast e-con-full e-flex elementor-invisible e-con e-child\" data-id=\"1341923\" data-element_type=\"container\" data-e-type=\"container\" data-settings=\"{&quot;animation&quot;:&quot;fadeInUp&quot;}\">\n\t\t\t\t<\/div>\n\t\t\t\t<\/div>\n\t\t\t\t<\/div>\n\t\t<div class=\"elementor-element elementor-element-ffefcde e-con-full e-flex e-con e-parent\" data-id=\"ffefcde\" data-element_type=\"container\" data-e-type=\"container\" data-settings=\"{&quot;background_background&quot;:&quot;classic&quot;}\">\n\t\t\t\t<div class=\"elementor-element elementor-element-0f85cbb elementor-widget elementor-widget-heading\" data-id=\"0f85cbb\" data-element_type=\"widget\" data-e-type=\"widget\" data-widget_type=\"heading.default\">\n\t\t\t\t\t<h3 class=\"elementor-heading-title elementor-size-default\"><b>Um\u00f3w si\u0119<\/b> i wr\u00f3\u0107 do pe\u0142nej sprawno\u015bci<\/h3>\t\t\t\t<\/div>\n\t\t\t\t<div class=\"elementor-element elementor-element-045da41 elementor-tablet-align-center elementor-invisible elementor-widget elementor-widget-button\" data-id=\"045da41\" data-element_type=\"widget\" data-e-type=\"widget\" data-settings=\"{&quot;_animation&quot;:&quot;fadeInLeft&quot;}\" data-widget_type=\"button.default\">\n\t\t\t\t\t\t\t\t\t\t<a class=\"elementor-button elementor-button-link elementor-size-sm elementor-animation-float\" href=\"https:\/\/www.znanylekarz.pl\/karol-palka\/ortopeda\/gliwice\" target=\"_blank\">\n\t\t\t\t\t\t<span class=\"elementor-button-content-wrapper\">\n\t\t\t\t\t\t\t\t\t<span class=\"elementor-button-text\">Um\u00f3w wizyt\u0119<\/span>\n\t\t\t\t\t<\/span>\n\t\t\t\t\t<\/a>\n\t\t\t\t\t\t\t\t<\/div>\n\t\t\t\t<\/div>\n\t\t\t\t<\/div>\n\t\t","protected":false},"excerpt":{"rendered":"<p>Zakres leczenia Leczenie kolana Specjalizuj\u0119 si\u0119 w diagnostyce i leczeniu schorze\u0144 stawu kolanowego \u2013 od przeci\u0105\u017ce\u0144 i uraz\u00f3w sportowych po zaawansowane zmiany zwyrodnieniowe. Wykonuj\u0119 m.in. artroskopie kolana, rekonstrukcje wi\u0119zade\u0142 oraz zabiegi naprawcze \u0142\u0105kotek i chrz\u0105stki. Leczenie ko\u0144czyny dolnej Zajmuj\u0119 si\u0119 kompleksowym leczeniem ko\u0144czyny dolnej \u2013 biodra, kolana oraz stawu skokowego. Pomagam w przypadku b\u00f3lu, przeci\u0105\u017ce\u0144 [&hellip;]<\/p>\n","protected":false},"author":1,"featured_media":0,"parent":0,"menu_order":0,"comment_status":"closed","ping_status":"closed","template":"","meta":{"footnotes":""},"class_list":["post-331","page","type-page","status-publish","hentry"],"_links":{"self":[{"href":"https:\/\/med.arturkus.pl\/index.php?rest_route=\/wp\/v2\/pages\/331","targetHints":{"allow":["GET"]}}],"collection":[{"href":"https:\/\/med.arturkus.pl\/index.php?rest_route=\/wp\/v2\/pages"}],"about":[{"href":"https:\/\/med.arturkus.pl\/index.php?rest_route=\/wp\/v2\/types\/page"}],"author":[{"embeddable":true,"href":"https:\/\/med.arturkus.pl\/index.php?rest_route=\/wp\/v2\/users\/1"}],"replies":[{"embeddable":true,"href":"https:\/\/med.arturkus.pl\/index.php?rest_route=%2Fwp%2Fv2%2Fcomments&post=331"}],"version-history":[{"count":10,"href":"https:\/\/med.arturkus.pl\/index.php?rest_route=\/wp\/v2\/pages\/331\/revisions"}],"predecessor-version":[{"id":400,"href":"https:\/\/med.arturkus.pl\/index.php?rest_route=\/wp\/v2\/pages\/331\/revisions\/400"}],"wp:attachment":[{"href":"https:\/\/med.arturkus.pl\/index.php?rest_route=%2Fwp%2Fv2%2Fmedia&parent=331"}],"curies":[{"name":"wp","href":"https:\/\/api.w.org\/{rel}","templated":true}]}}